{"id":6384,"date":"2023-05-09T15:32:56","date_gmt":"2023-05-09T19:32:56","guid":{"rendered":"https:\/\/www.kanreikaikarate.com\/world-kanreikai-karate-summer-camp\/"},"modified":"2025-05-06T11:28:49","modified_gmt":"2025-05-06T15:28:49","slug":"summer-camp","status":"publish","type":"page","link":"https:\/\/www.kanreikai2025.acxcomdev.com\/en\/summer-camp\/","title":{"rendered":"World Kanreikai Karate Summer Camp"},"content":{"rendered":"<p>[et_pb_section fb_built=&#8221;1&#8243; _builder_version=&#8221;4.16&#8243; custom_padding=&#8221;30px||||false|false&#8221; global_colors_info=&#8221;{}&#8221;][et_pb_row _builder_version=&#8221;4.16&#8243; custom_padding=&#8221;30px||15px|&#8221; global_colors_info=&#8221;{}&#8221;][et_pb_column type=&#8221;4_4&#8243; _builder_version=&#8221;4.16&#8243; custom_padding=&#8221;|||&#8221; global_colors_info=&#8221;{}&#8221; custom_padding__hover=&#8221;|||&#8221;]<\/p>\n<p>[et_pb_post_title meta=&#8221;off&#8221; featured_image=&#8221;off&#8221; text_color=&#8221;light&#8221; admin_label=&#8221;Titre du poste &#8211; Camp \u00c9t\u00e9&#8221; module_class=&#8221;post-title-class&#8221; _builder_version=&#8221;4.16&#8243; title_font=&#8221;|700|||||||&#8221; title_text_align=&#8221;left&#8221; title_text_color=&#8221;#000000&#8243; title_font_size=&#8221;36px&#8221; global_colors_info=&#8221;{}&#8221;][\/et_pb_post_title]<\/p>\n<p>[\/et_pb_column][\/et_pb_row][et_pb_row _builder_version=&#8221;4.16&#8243; custom_padding=&#8221;30px||15px|&#8221; global_colors_info=&#8221;{}&#8221;][et_pb_column type=&#8221;4_4&#8243; _builder_version=&#8221;4.16&#8243; custom_padding=&#8221;|||&#8221; global_colors_info=&#8221;{}&#8221; custom_padding__hover=&#8221;|||&#8221;][et_pb_text admin_label=&#8221;Texte &#8211; Camp \u00c9t\u00e9&#8221; _builder_version=&#8221;4.27.4&#8243; text_text_color=&#8221;#000000&#8243; header_text_color=&#8221;#000000&#8243; header_2_text_color=&#8221;#000000&#8243; header_3_text_color=&#8221;#000000&#8243; header_4_text_color=&#8221;#000000&#8243; header_5_text_color=&#8221;#000000&#8243; header_6_text_color=&#8221;#000000&#8243; background_layout=&#8221;dark&#8221; global_colors_info=&#8221;{}&#8221;]<\/p>\n<p>Osu! All students of World Kanreikai Karate, as well as their families, are invited to take part in the <strong>World Kanreikai Karate Summer Camp 2025<\/strong>.<\/p>\n<p><\/p>\n<p><strong>Our Camp will take place from July 17 to 20, 2025 at <a href=\"https:\/\/hotelcheribourg.com\/?lang=en\" target=\"_blank\" rel=\"noopener\">Hotel Ch\u00e9ribourg<\/a>, in Orford, QC, Canada.<\/strong><\/p>\n<p><\/p>\n<p><span style=\"text-decoration: underline;\">No later than June 16<\/span>, active students of Kanreikai Karate schools who are interested in participating in the summer camp must:<\/p>\n<p><\/p>\n<ol>\n<li>Be previously <a href=\"https:\/\/www.kanreikaikarate.com\/contact-us\/member-registration\/?lang=en\"><strong>registered as active members of the World Kanreikai Karate organization<\/strong><\/a> and have paid the annual subscription fee of $25.<\/li>\n<li>Book an all-inclusive package &#8211; for 2 or 3 nights &#8211; <strong>directly with Hotel Ch\u00e9ribourg<\/strong>.<\/li>\n<li>Register themselves &#8211; or register their family&#8217;s Kanreikai students &#8211; for the <strong>karate training sessions<\/strong> by filling out the signup form (below):\n<ul>\n<li>$30\/ Kanreikai student for the July 18 to 20 stay &#8211; 5 outdoors training sessions<\/li>\n<li>$45\/ Kanreikai student for the July 18 to 21 stay &#8211; 7 outdoors training sessions<\/li>\n<\/ul>\n<\/li>\n<li>Order, if desired, one or more <strong>Camp Kanreikai baseball caps<\/strong> by filling out the signup form (below):\n<ul>\n<li>$25\/ unit &#8211; 2025 Model<\/li>\n<\/ul>\n<\/li>\n<\/ol>\n<p><\/p>\n<p><span style=\"text-decoration: underline;\"><strong>REGISTRATION DEADLINE: JUNE 16, 2025<\/strong><\/span><\/p>\n<p><\/p>\n<ul>\n<li><a href=\"https:\/\/www.kanreikaikarate.com\/wp-content\/uploads\/2025\/05\/2025-Camp-EN-Pamphlet.pdf\"><strong>Information Pamphlet &#8211; Summer Camp 2025<\/strong><\/a><\/li>\n<li><a href=\"https:\/\/www.kanreikaikarate.com\/wp-content\/uploads\/2025\/05\/Rates-Summer-Camp-2025-EN.pdf\"><strong>Accommodation rates and registration procedure for karate trainings<\/strong><\/a><\/li>\n<\/ul>\n<p><\/p>\n<p><strong>NB:<\/strong> Summer camp training fees and baseball caps, (if any) will be charged to the student&#8217;s (or family&#8217;s) World Kanreikai Karate account on <strong>June 17, 2025<\/strong>. A valid credit card must be added to the account.<\/p>\n<p><\/p>\n<p>We hope to have the pleasure of welcoming you and your family at our 2025 Summer Camp. Osu!<\/p>\n<p>[\/et_pb_text][\/et_pb_column][\/et_pb_row][et_pb_row _builder_version=&#8221;4.21.0&#8243; _module_preset=&#8221;default&#8221; global_colors_info=&#8221;{}&#8221;][et_pb_column type=&#8221;4_4&#8243; _builder_version=&#8221;4.21.0&#8243; _module_preset=&#8221;default&#8221; global_colors_info=&#8221;{}&#8221;][et_pb_text admin_label=&#8221;Texte &#8211; Formulaire inscription Camp d&#8217;\u00e9t\u00e9&#8221; _builder_version=&#8221;4.27.4&#8243; _module_preset=&#8221;default&#8221; global_colors_info=&#8221;{}&#8221;]<\/p>\n<p><strong>REGISTRATION FORM FOR KARATE TRAINING SESSIONS<\/strong><\/p>\n<p><\/p>\n<ul>\n<li>Registration for Karate trainings &#8211; No later than June 16, 2025<\/li>\n<li>Please fill out and submit one form per adult individual or per family<\/li>\n<\/ul>\n<p><\/p>\n<p>Nous sommes d\u00e9sol\u00e9s. La p\u00e9riode d'inscription est termin\u00e9e.<\/br>We are sorry. The registration period is over.<\/p>\n<p>[\/et_pb_text][\/et_pb_column][\/et_pb_row][\/et_pb_section]<\/p>\n","protected":false},"excerpt":{"rendered":"<p>Osu! All students of World Kanreikai Karate, as well as their families, are invited to take part in the World Kanreikai Karate Summer Camp 2025.Our Camp will take place from July 17 to 20, 2025 at Hotel Ch\u00e9ribourg, in Orford, QC, Canada.No later than June 16, active students of Kanreikai Karate schools who are interested [&hellip;]<\/p>\n","protected":false},"author":1,"featured_media":0,"parent":0,"menu_order":999,"comment_status":"closed","ping_status":"closed","template":"","meta":{"_et_pb_use_builder":"on","_et_pb_old_content":"","_et_gb_content_width":"","footnotes":""},"class_list":["post-6384","page","type-page","status-publish","hentry"],"_links":{"self":[{"href":"https:\/\/www.kanreikai2025.acxcomdev.com\/en\/wp-json\/wp\/v2\/pages\/6384","targetHints":{"allow":["GET"]}}],"collection":[{"href":"https:\/\/www.kanreikai2025.acxcomdev.com\/en\/wp-json\/wp\/v2\/pages"}],"about":[{"href":"https:\/\/www.kanreikai2025.acxcomdev.com\/en\/wp-json\/wp\/v2\/types\/page"}],"author":[{"embeddable":true,"href":"https:\/\/www.kanreikai2025.acxcomdev.com\/en\/wp-json\/wp\/v2\/users\/1"}],"replies":[{"embeddable":true,"href":"https:\/\/www.kanreikai2025.acxcomdev.com\/en\/wp-json\/wp\/v2\/comments?post=6384"}],"version-history":[{"count":22,"href":"https:\/\/www.kanreikai2025.acxcomdev.com\/en\/wp-json\/wp\/v2\/pages\/6384\/revisions"}],"predecessor-version":[{"id":6779,"href":"https:\/\/www.kanreikai2025.acxcomdev.com\/en\/wp-json\/wp\/v2\/pages\/6384\/revisions\/6779"}],"wp:attachment":[{"href":"https:\/\/www.kanreikai2025.acxcomdev.com\/en\/wp-json\/wp\/v2\/media?parent=6384"}],"curies":[{"name":"wp","href":"https:\/\/api.w.org\/{rel}","templated":true}]}}