{"id":5518,"date":"2021-03-23T14:15:29","date_gmt":"2021-03-23T18:15:29","guid":{"rendered":"https:\/\/kanreikai.acxcomdev.com\/programs\/teens-adults\/"},"modified":"2021-03-23T14:15:30","modified_gmt":"2021-03-23T18:15:30","slug":"teens-adults","status":"publish","type":"page","link":"https:\/\/www.kanreikai2025.acxcomdev.com\/en\/programs\/teens-adults\/","title":{"rendered":"Teens Adults"},"content":{"rendered":"<p>[et_pb_section fb_built=&#8221;1&#8243; fullwidth=&#8221;on&#8221; _builder_version=&#8221;3.22&#8243;][et_pb_fullwidth_slider show_arrows=&#8221;off&#8221; show_pagination=&#8221;off&#8221; admin_label=&#8221;Fullwidth Slider -Ados-Adultes&#8221; _builder_version=&#8221;4.8.2&#8243; text_orientation=&#8221;left&#8221; min_height=&#8221;450px&#8221; min_height_tablet=&#8221;240px&#8221; min_height_phone=&#8221;120px&#8221; min_height_last_edited=&#8221;on|phone&#8221; saved_tabs=&#8221;all&#8221; button_text_size__hover_enabled=&#8221;off&#8221; button_one_text_size__hover_enabled=&#8221;off&#8221; button_two_text_size__hover_enabled=&#8221;off&#8221; button_text_color__hover_enabled=&#8221;off&#8221; button_one_text_color__hover_enabled=&#8221;off&#8221; button_two_text_color__hover_enabled=&#8221;off&#8221; button_border_width__hover_enabled=&#8221;off&#8221; button_one_border_width__hover_enabled=&#8221;off&#8221; button_two_border_width__hover_enabled=&#8221;off&#8221; button_border_color__hover_enabled=&#8221;off&#8221; button_one_border_color__hover_enabled=&#8221;off&#8221; button_two_border_color__hover_enabled=&#8221;off&#8221; button_border_radius__hover_enabled=&#8221;off&#8221; button_one_border_radius__hover_enabled=&#8221;off&#8221; button_two_border_radius__hover_enabled=&#8221;off&#8221; button_letter_spacing__hover_enabled=&#8221;off&#8221; button_one_letter_spacing__hover_enabled=&#8221;off&#8221; button_two_letter_spacing__hover_enabled=&#8221;off&#8221; button_bg_color__hover_enabled=&#8221;off&#8221; button_one_bg_color__hover_enabled=&#8221;off&#8221; button_two_bg_color__hover_enabled=&#8221;off&#8221;][et_pb_slide button_link=&#8221;https:\/\/www.kanreikaikarate.com\/book-a-trial\/?lang=en&#8221; use_bg_overlay=&#8221;off&#8221; use_text_overlay=&#8221;off&#8221; admin_title=&#8221;NOTRE PROGRAMME DE KARAT\u00c9&#8221; _builder_version=&#8221;4.8.2&#8243; header_level=&#8221;h1&#8243; header_font=&#8221;Oswald|700||on|||||&#8221; header_text_color=&#8221;#ffffff&#8221; header_font_size=&#8221;54&#8243; background_color=&#8221;#ffffff&#8221; background_image=&#8221;https:\/\/www.kanreikaikarate.com\/wp-content\/uploads\/2021\/02\/HQ-Banniere-Ados-Adultes.png&#8221; background_enable_image=&#8221;on&#8221; background_position=&#8221;center_right&#8221; button_on_hover=&#8221;on&#8221; header_font_size_tablet=&#8221;54&#8243; header_font_size_phone=&#8221;54&#8243; custom_css_main_element=&#8221;border-bottom: 5px solid #ec3130;&#8221; custom_css_slide_description=&#8221;padding-left:0;&#8221; button_text_size__hover_enabled=&#8221;off&#8221; button_one_text_size__hover_enabled=&#8221;off&#8221; button_two_text_size__hover_enabled=&#8221;off&#8221; button_text_color__hover_enabled=&#8221;off&#8221; button_one_text_color__hover_enabled=&#8221;off&#8221; button_two_text_color__hover_enabled=&#8221;off&#8221; button_border_width__hover_enabled=&#8221;off&#8221; button_one_border_width__hover_enabled=&#8221;off&#8221; button_two_border_width__hover_enabled=&#8221;off&#8221; button_border_color__hover_enabled=&#8221;off&#8221; button_one_border_color__hover_enabled=&#8221;off&#8221; button_two_border_color__hover_enabled=&#8221;off&#8221; button_border_radius__hover_enabled=&#8221;off&#8221; button_one_border_radius__hover_enabled=&#8221;off&#8221; button_two_border_radius__hover_enabled=&#8221;off&#8221; button_letter_spacing__hover_enabled=&#8221;off&#8221; button_one_letter_spacing__hover_enabled=&#8221;off&#8221; button_two_letter_spacing__hover_enabled=&#8221;off&#8221; button_bg_color__hover_enabled=&#8221;off&#8221; button_one_bg_color__hover_enabled=&#8221;off&#8221; button_two_bg_color__hover_enabled=&#8221;off&#8221; sticky_transition=&#8221;on&#8221;]<\/p>\n<h1>KANREIKAI KARATE<br \/>FOR TEENS AND ADULTS<\/h1>\n<p>[\/et_pb_slide][\/et_pb_fullwidth_slider][\/et_pb_section][et_pb_section fb_built=&#8221;1&#8243; _builder_version=&#8221;4.6.5&#8243;][et_pb_row _builder_version=&#8221;4.6.5&#8243;][et_pb_column type=&#8221;4_4&#8243; _builder_version=&#8221;3.25&#8243; custom_padding=&#8221;|||&#8221; custom_padding__hover=&#8221;|||&#8221;][et_pb_text admin_label=&#8221;PROGRAMME DE MISE EN FORME!&#8221; module_class=&#8221;skew&#8221; _builder_version=&#8221;4.8.2&#8243; text_text_color=&#8221;#000000&#8243; text_font_size=&#8221;30px&#8221; header_font=&#8221;|600|||||||&#8221; header_text_color=&#8221;#000000&#8243; header_font_size=&#8221;36px&#8221; header_2_text_color=&#8221;#000000&#8243; header_2_font_size=&#8221;30px&#8221; header_3_text_color=&#8221;#000000&#8243; header_4_text_color=&#8221;#000000&#8243; header_5_text_color=&#8221;#000000&#8243; header_6_text_color=&#8221;#000000&#8243; background_color=&#8221;rgba(0,0,0,0)&#8221;]<\/p>\n<h1>KANREIKAI FITNESS PROGRAM<\/h1>\n<p>[\/et_pb_text][\/et_pb_column][\/et_pb_row][et_pb_row column_structure=&#8221;1_2,1_2&#8243; _builder_version=&#8221;4.6.5&#8243; background_size=&#8221;initial&#8221; background_position=&#8221;top_left&#8221; background_repeat=&#8221;repeat&#8221;][et_pb_column type=&#8221;1_2&#8243; _builder_version=&#8221;3.25&#8243; custom_padding=&#8221;|||&#8221; custom_padding__hover=&#8221;|||&#8221;][et_pb_text admin_label=&#8221;Intro &#8211; Ados-Adultes&#8221; _builder_version=&#8221;4.8.2&#8243; text_text_color=&#8221;#000000&#8243; text_line_height=&#8221;1.3em&#8221; header_text_color=&#8221;#000000&#8243; header_2_text_color=&#8221;#000000&#8243; header_3_text_color=&#8221;#000000&#8243; header_4_text_color=&#8221;#000000&#8243; header_5_text_color=&#8221;#000000&#8243; header_6_text_color=&#8221;#000000&#8243; background_color=&#8221;rgba(0,0,0,0)&#8221; hover_enabled=&#8221;0&#8243; saved_tabs=&#8221;all&#8221; sticky_enabled=&#8221;0&#8243;]<\/p>\n<p>Our karate program enables teens and adults to improve their fitness in a motivating and respectful environment. Our certified instructors ensure that students improve their cardiovascular capacity, flexibility and power at their own pace.<\/p>\n<p>Through the practice of karate, adolescents gain confidence and vent their frustrations constructively. Adults manage their stress better and take on greater and greater challenges.<\/p>\n<p>By training together, young and old support each other and benefit from an enriching multigenerational environment for all.<\/p>\n<p>[\/et_pb_text][\/et_pb_column][et_pb_column type=&#8221;1_2&#8243; _builder_version=&#8221;3.25&#8243; custom_padding=&#8221;|||&#8221; custom_padding__hover=&#8221;|||&#8221;][et_pb_text admin_label=&#8221;Video &#8211; Ados-Adultes&#8221; _builder_version=&#8221;3.27.4&#8243;]<iframe loading=\"lazy\" src=\"https:\/\/www.youtube.com\/embed\/KgkOmPLTcts\" width=\"560\" height=\"315\" frameborder=\"0\" allowfullscreen=\"allowfullscreen\"><\/iframe><br \/>\n[\/et_pb_text][\/et_pb_column][\/et_pb_row][\/et_pb_section][et_pb_section fb_built=&#8221;1&#8243; _builder_version=&#8221;4.6.5&#8243; background_color=&#8221;#eaeaea&#8221;][et_pb_row _builder_version=&#8221;4.6.5&#8243;][et_pb_column type=&#8221;4_4&#8243; _builder_version=&#8221;3.25&#8243; custom_padding=&#8221;|||&#8221; custom_padding__hover=&#8221;|||&#8221;][et_pb_text admin_label=&#8221;NOTRE PROGRAMME DE KARAT\u00c9 KANREIKAI POUR ADOS ET ADULTES&#8230;&#8221; module_class=&#8221;skew&#8221; _builder_version=&#8221;4.8.2&#8243; text_text_color=&#8221;#000000&#8243; header_text_color=&#8221;#000000&#8243; header_2_text_align=&#8221;left&#8221; header_2_text_color=&#8221;#000000&#8243; header_2_font_size=&#8221;36px&#8221; header_3_text_color=&#8221;#000000&#8243; header_4_text_color=&#8221;#000000&#8243; header_5_text_color=&#8221;#000000&#8243; header_6_text_color=&#8221;#000000&#8243; background_color=&#8221;rgba(0,0,0,0)&#8221;]<\/p>\n<h2>OUR KANREIKAI KARATE PROGRAM FOR TEENS AND ADULTS TRAINS THEM TO MEET CHALLENGES WITH CONFIDENCE.<\/h2>\n<p>[\/et_pb_text][\/et_pb_column][\/et_pb_row][et_pb_row column_structure=&#8221;1_2,1_2&#8243; make_equal=&#8221;on&#8221; _builder_version=&#8221;4.6.5&#8243; custom_padding=&#8221;||0px||false|false&#8221;][et_pb_column type=&#8221;1_2&#8243; _builder_version=&#8221;4.6.5&#8243; background_color=&#8221;#ffffff&#8221; custom_padding=&#8221;|||&#8221; custom_padding__hover=&#8221;|||&#8221;][et_pb_text admin_label=&#8221;Karat\u00e9 pour tous&#8221; module_class=&#8221;accueil-tier-title&#8221; _builder_version=&#8221;4.8.2&#8243; text_text_color=&#8221;#ffffff&#8221; text_font_size=&#8221;20px&#8221; header_text_color=&#8221;#ffffff&#8221; header_2_text_align=&#8221;center&#8221; header_2_text_color=&#8221;#ffffff&#8221; header_3_font=&#8221;|600||on|||||&#8221; header_3_text_align=&#8221;center&#8221; header_3_text_color=&#8221;#ffffff&#8221; header_3_font_size=&#8221;24px&#8221; header_4_text_color=&#8221;#ffffff&#8221; header_5_text_color=&#8221;#ffffff&#8221; header_6_text_color=&#8221;#ffffff&#8221; background_color=&#8221;#000000&#8243; custom_margin=&#8221;||0px||false|false&#8221; custom_padding=&#8221;10px||0px|&#8221; hover_enabled=&#8221;0&#8243; border_width_top=&#8221;0px&#8221; border_width_right=&#8221;0px&#8221; border_color_bottom=&#8221;#ea3337&#8243; border_width_left=&#8221;0px&#8221; saved_tabs=&#8221;all&#8221; sticky_enabled=&#8221;0&#8243;]<\/p>\n<h3>Kanreikai karate changes your life one workout at a time<\/h3>\n<p>[\/et_pb_text][et_pb_text admin_label=&#8221;Texte&#8221; _builder_version=&#8221;4.8.2&#8243; text_text_color=&#8221;#000000&#8243; text_line_height=&#8221;1.3em&#8221; header_text_color=&#8221;#000000&#8243; header_2_text_color=&#8221;#000000&#8243; header_3_text_color=&#8221;#000000&#8243; header_4_text_color=&#8221;#000000&#8243; header_5_text_color=&#8221;#000000&#8243; header_6_text_color=&#8221;#000000&#8243; text_orientation=&#8221;center&#8221; custom_padding=&#8221;20px|30px|30px|30px|false|false&#8221; saved_tabs=&#8221;all&#8221;]<\/p>\n<p>No matter your initial physical condition, you will quickly be convinced of the benefits of the practice of Kanreikai contact karate. You will gradually discover the different facets of this martial art of Japanese tradition in a friendly and respectful context, where effort and mutual support are essential.<\/p>\n<p>[\/et_pb_text][\/et_pb_column][et_pb_column type=&#8221;1_2&#8243; _builder_version=&#8221;4.6.5&#8243; background_color=&#8221;#ffffff&#8221; custom_padding=&#8221;|||&#8221; custom_padding__hover=&#8221;|||&#8221;][et_pb_text admin_label=&#8221;Entra\u00eenez-vous en famille&#8230;&#8221; module_class=&#8221;accueil-tier-title&#8221; _builder_version=&#8221;4.8.2&#8243; text_text_color=&#8221;#ffffff&#8221; text_font_size=&#8221;20px&#8221; header_text_color=&#8221;#ffffff&#8221; header_2_text_align=&#8221;center&#8221; header_2_text_color=&#8221;#ffffff&#8221; header_3_font=&#8221;|600||on|||||&#8221; header_3_text_align=&#8221;center&#8221; header_3_text_color=&#8221;#ffffff&#8221; header_3_font_size=&#8221;24px&#8221; header_4_text_color=&#8221;#ffffff&#8221; header_5_text_color=&#8221;#ffffff&#8221; header_6_text_color=&#8221;#ffffff&#8221; background_color=&#8221;#000000&#8243; custom_margin=&#8221;||0px||false|false&#8221; custom_padding=&#8221;10px||0px|&#8221; hover_enabled=&#8221;0&#8243; border_width_top=&#8221;0px&#8221; border_width_right=&#8221;0px&#8221; border_color_bottom=&#8221;#ea3337&#8243; border_width_left=&#8221;0px&#8221; saved_tabs=&#8221;all&#8221; sticky_enabled=&#8221;0&#8243;]<\/p>\n<h3>Train with family and make new friends<\/h3>\n<p>[\/et_pb_text][et_pb_text admin_label=&#8221;Texte&#8221; _builder_version=&#8221;4.8.2&#8243; text_text_color=&#8221;#000000&#8243; text_line_height=&#8221;1.3em&#8221; header_text_color=&#8221;#000000&#8243; header_2_text_color=&#8221;#000000&#8243; header_3_text_color=&#8221;#000000&#8243; header_4_text_color=&#8221;#000000&#8243; header_5_text_color=&#8221;#000000&#8243; header_6_text_color=&#8221;#000000&#8243; text_orientation=&#8221;center&#8221; custom_padding=&#8221;20px|30px|30px|30px|false|false&#8221; hover_enabled=&#8221;0&#8243; saved_tabs=&#8221;all&#8221; sticky_enabled=&#8221;0&#8243;]<\/p>\n<p>Spend time with your family and among friends. Enjoy an activity that you share with your family members and with your training partners. Take up challenges together and live experiences in complicity. The practice of karate will be doubly rewarding for you.<\/p>\n<p>[\/et_pb_text][\/et_pb_column][\/et_pb_row][et_pb_row column_structure=&#8221;1_2,1_2&#8243; make_equal=&#8221;on&#8221; _builder_version=&#8221;4.6.5&#8243;][et_pb_column type=&#8221;1_2&#8243; _builder_version=&#8221;4.6.5&#8243; background_color=&#8221;#ffffff&#8221; custom_padding=&#8221;|||&#8221; custom_padding__hover=&#8221;|||&#8221;][et_pb_text admin_label=&#8221;Syst\u00e8me de gradation&#8221; module_class=&#8221;accueil-tier-title&#8221; _builder_version=&#8221;4.8.2&#8243; text_text_color=&#8221;#ffffff&#8221; text_font_size=&#8221;20px&#8221; header_text_color=&#8221;#ffffff&#8221; header_2_text_align=&#8221;center&#8221; header_2_text_color=&#8221;#ffffff&#8221; header_3_font=&#8221;|600||on|||||&#8221; header_3_text_align=&#8221;center&#8221; header_3_text_color=&#8221;#ffffff&#8221; header_3_font_size=&#8221;24px&#8221; header_4_text_color=&#8221;#ffffff&#8221; header_5_text_color=&#8221;#ffffff&#8221; header_6_text_color=&#8221;#ffffff&#8221; background_color=&#8221;#000000&#8243; custom_margin=&#8221;||0px||false|false&#8221; custom_padding=&#8221;10px||0px|&#8221; hover_enabled=&#8221;0&#8243; border_width_top=&#8221;0px&#8221; border_width_right=&#8221;0px&#8221; border_color_bottom=&#8221;#ea3337&#8243; border_width_left=&#8221;0px&#8221; saved_tabs=&#8221;all&#8221; sticky_enabled=&#8221;0&#8243;]<\/p>\n<h3>A ranking system that encourages you to push your limits<\/h3>\n<p>[\/et_pb_text][et_pb_text admin_label=&#8221;Texte&#8221; _builder_version=&#8221;4.8.2&#8243; text_text_color=&#8221;#000000&#8243; text_line_height=&#8221;1.3em&#8221; header_text_color=&#8221;#000000&#8243; header_2_text_color=&#8221;#000000&#8243; header_3_text_color=&#8221;#000000&#8243; header_4_text_color=&#8221;#000000&#8243; header_5_text_color=&#8221;#000000&#8243; header_6_text_color=&#8221;#000000&#8243; text_orientation=&#8221;center&#8221; custom_padding=&#8221;20px|30px|30px|30px|false|false&#8221; saved_tabs=&#8221;all&#8221;]<\/p>\n<p>Our ranking system is established at all Kanreikai schools so that your progress is marked out in a rigorous and consistent manner. Each step has technical requirements to complete. The evaluation of each student remains based on the effort, determination and perseverance shown in training.<\/p>\n<p>[\/et_pb_text][\/et_pb_column][et_pb_column type=&#8221;1_2&#8243; _builder_version=&#8221;4.6.5&#8243; background_color=&#8221;#ffffff&#8221; custom_padding=&#8221;|||&#8221; custom_padding__hover=&#8221;|||&#8221;][et_pb_text admin_label=&#8221;Activit\u00e9s et \u00e9v\u00e9nements&#8221; module_class=&#8221;accueil-tier-title&#8221; _builder_version=&#8221;4.8.2&#8243; text_text_color=&#8221;#ffffff&#8221; text_font_size=&#8221;20px&#8221; header_text_color=&#8221;#ffffff&#8221; header_2_text_align=&#8221;center&#8221; header_2_text_color=&#8221;#ffffff&#8221; header_3_font=&#8221;|600||on|||||&#8221; header_3_text_align=&#8221;center&#8221; header_3_text_color=&#8221;#ffffff&#8221; header_3_font_size=&#8221;24px&#8221; header_4_text_color=&#8221;#ffffff&#8221; header_5_text_color=&#8221;#ffffff&#8221; header_6_text_color=&#8221;#ffffff&#8221; background_color=&#8221;#000000&#8243; custom_margin=&#8221;||0px||false|false&#8221; custom_padding=&#8221;10px||0px|&#8221; border_width_top=&#8221;0px&#8221; border_width_right=&#8221;0px&#8221; border_color_bottom=&#8221;#ea3337&#8243; border_width_left=&#8221;0px&#8221; saved_tabs=&#8221;all&#8221;]<\/p>\n<h3>Take part in activities and events organized by World Kanreikai Karate<\/h3>\n<p>[\/et_pb_text][et_pb_text admin_label=&#8221;Texte&#8221; _builder_version=&#8221;4.8.2&#8243; text_text_color=&#8221;#000000&#8243; text_line_height=&#8221;1.3em&#8221; header_text_color=&#8221;#000000&#8243; header_2_text_color=&#8221;#000000&#8243; header_3_text_color=&#8221;#000000&#8243; header_4_text_color=&#8221;#000000&#8243; header_5_text_color=&#8221;#000000&#8243; header_6_text_color=&#8221;#000000&#8243; text_orientation=&#8221;center&#8221; custom_padding=&#8221;20px|30px|30px|30px|false|false&#8221; saved_tabs=&#8221;all&#8221;]<\/p>\n<p>We strive to create a spirit of cooperation between our schools and organize activities and events that create bonds between all our students. Whether by participating in our annual summer camp, our special training sessions or as competitors, our students can live rewarding and motivating experiences.<\/p>\n<p>[\/et_pb_text][\/et_pb_column][\/et_pb_row][\/et_pb_section][et_pb_section fb_built=&#8221;1&#8243; _builder_version=&#8221;4.6.5&#8243; background_color=&#8221;#ffffff&#8221;][et_pb_row _builder_version=&#8221;4.6.5&#8243;][et_pb_column type=&#8221;4_4&#8243; _builder_version=&#8221;3.25&#8243; custom_padding=&#8221;|||&#8221; custom_padding__hover=&#8221;|||&#8221;][et_pb_text admin_label=&#8221;UN ENTRA\u00ceNEMENT INDIVIDUEL&#8230;&#8221; _builder_version=&#8221;4.8.2&#8243; text_text_color=&#8221;#000000&#8243; text_line_height=&#8221;1.3em&#8221; header_text_color=&#8221;#000000&#8243; header_2_text_color=&#8221;#000000&#8243; header_3_text_color=&#8221;#000000&#8243; header_4_text_color=&#8221;#000000&#8243; header_5_text_color=&#8221;#000000&#8243; header_6_text_color=&#8221;#000000&#8243; saved_tabs=&#8221;all&#8221;]<\/p>\n<p><strong>INDIVIDUAL TRAINING BASED ON A STRONG FAMILY SPIRIT<\/strong><\/p>\n<p>The effort and individual determination of each teenager or adult is increased tenfold by the support of his\/her training partners. The practice of Kanreikai Karate allows family members and friends to train together while making their personal journey.<\/p>\n<p>In a world where each generation is confined more and more to specific fields of interest, karate opens a window of sharing and family solidarity. We only know families that are happy with their Kanreikai experience!<\/p>\n<p>[\/et_pb_text][\/et_pb_column][\/et_pb_row][\/et_pb_section]<\/p>\n","protected":false},"excerpt":{"rendered":"<p>KANREIKAI KARATEFOR TEENS AND ADULTSKANREIKAI FITNESS PROGRAMOur karate program enables teens and adults to improve their fitness in a motivating and respectful environment. Our certified instructors ensure that students improve their cardiovascular capacity, flexibility and power at their own pace. Through the practice of karate, adolescents gain confidence and vent their frustrations constructively. Adults manage [&hellip;]<\/p>\n","protected":false},"author":1,"featured_media":0,"parent":5311,"menu_order":2,"comment_status":"closed","ping_status":"closed","template":"","meta":{"_et_pb_use_builder":"on","_et_pb_old_content":"","_et_gb_content_width":"","footnotes":""},"class_list":["post-5518","page","type-page","status-publish","hentry"],"_links":{"self":[{"href":"https:\/\/www.kanreikai2025.acxcomdev.com\/en\/wp-json\/wp\/v2\/pages\/5518","targetHints":{"allow":["GET"]}}],"collection":[{"href":"https:\/\/www.kanreikai2025.acxcomdev.com\/en\/wp-json\/wp\/v2\/pages"}],"about":[{"href":"https:\/\/www.kanreikai2025.acxcomdev.com\/en\/wp-json\/wp\/v2\/types\/page"}],"author":[{"embeddable":true,"href":"https:\/\/www.kanreikai2025.acxcomdev.com\/en\/wp-json\/wp\/v2\/users\/1"}],"replies":[{"embeddable":true,"href":"https:\/\/www.kanreikai2025.acxcomdev.com\/en\/wp-json\/wp\/v2\/comments?post=5518"}],"version-history":[{"count":2,"href":"https:\/\/www.kanreikai2025.acxcomdev.com\/en\/wp-json\/wp\/v2\/pages\/5518\/revisions"}],"predecessor-version":[{"id":5520,"href":"https:\/\/www.kanreikai2025.acxcomdev.com\/en\/wp-json\/wp\/v2\/pages\/5518\/revisions\/5520"}],"up":[{"embeddable":true,"href":"https:\/\/www.kanreikai2025.acxcomdev.com\/en\/wp-json\/wp\/v2\/pages\/5311"}],"wp:attachment":[{"href":"https:\/\/www.kanreikai2025.acxcomdev.com\/en\/wp-json\/wp\/v2\/media?parent=5518"}],"curies":[{"name":"wp","href":"https:\/\/api.w.org\/{rel}","templated":true}]}}