{"id":5381,"date":"2021-03-18T14:49:40","date_gmt":"2021-03-18T18:49:40","guid":{"rendered":"https:\/\/kanreikai.acxcomdev.com\/contact-us\/"},"modified":"2023-10-12T15:14:18","modified_gmt":"2023-10-12T19:14:18","slug":"contact-us","status":"publish","type":"page","link":"https:\/\/www.kanreikai2025.acxcomdev.com\/en\/contact-us\/","title":{"rendered":"Contact-us"},"content":{"rendered":"<p>[et_pb_section fb_built=&#8221;1&#8243; _builder_version=&#8221;4.16&#8243; custom_padding=&#8221;30px||||false|false&#8221; global_colors_info=&#8221;{}&#8221;][et_pb_row _builder_version=&#8221;4.16&#8243; global_colors_info=&#8221;{}&#8221;][et_pb_column type=&#8221;4_4&#8243; _builder_version=&#8221;4.16&#8243; custom_padding=&#8221;|||&#8221; global_colors_info=&#8221;{}&#8221; custom_padding__hover=&#8221;|||&#8221;]<\/p>\n<p>[et_pb_post_title meta=&#8221;off&#8221; featured_image=&#8221;off&#8221; text_color=&#8221;light&#8221; module_class=&#8221;post-title-class&#8221; _builder_version=&#8221;4.6.4&#8243; title_font=&#8221;|700|||||||&#8221; title_text_align=&#8221;left&#8221; title_text_color=&#8221;#000000&#8243; title_font_size=&#8221;36px&#8221;][\/et_pb_post_title]<\/p>\n<p>[\/et_pb_column][\/et_pb_row][et_pb_row column_structure=&#8221;2_3,1_3&#8243; use_custom_gutter=&#8221;on&#8221; _builder_version=&#8221;4.16&#8243; global_colors_info=&#8221;{}&#8221;][et_pb_column type=&#8221;2_3&#8243; _builder_version=&#8221;4.16&#8243; background_color=&#8221;#eaeaea&#8221; custom_padding=&#8221;30px|30px|30px|30px|false|false&#8221; global_colors_info=&#8221;{}&#8221; custom_padding__hover=&#8221;|||&#8221;][et_pb_text admin_label=&#8221;Message Covid&#8221; module_class=&#8221;contact-leave-message&#8221; _builder_version=&#8221;4.22.2&#8243; text_text_color=&#8221;#000000&#8243; header_text_color=&#8221;#000000&#8243; header_2_text_color=&#8221;#000000&#8243; header_3_text_color=&#8221;#000000&#8243; header_3_font_size=&#8221;24px&#8221; header_4_text_color=&#8221;#000000&#8243; header_5_text_color=&#8221;#000000&#8243; header_6_text_color=&#8221;#000000&#8243; hover_enabled=&#8221;0&#8243; global_colors_info=&#8221;{}&#8221; sticky_enabled=&#8221;0&#8243;]<\/p>\n<p><strong>Osu! Our organization is gaining new momentum and the Kanreikai spirit is being revived in all our schools.<\/strong> Our instructors are enthusiastic about the idea of introducing their students to the art of traditional Japanese karate and accompanying them on their karate journey. It&#8217;s time to discover Kanreikai Karate.\u00a0Osu!<\/p>\n<p><strong>Anthony Cordeiro<\/strong>\u00a0takes on the role of supervising Law 25 within our company |\u00a0<a href=\"https:\/\/www.kanreikaikarate.com\/privacy-policy\/?lang=en\">Privacy Policy<\/a><\/p>\n<p>[\/et_pb_text][et_pb_text admin_label=&#8221;Laissez-nous un message:&#8221; module_class=&#8221;contact-leave-message&#8221; _builder_version=&#8221;4.17.2&#8243; text_text_color=&#8221;#000000&#8243; header_text_color=&#8221;#000000&#8243; header_2_text_color=&#8221;#000000&#8243; header_3_text_color=&#8221;#000000&#8243; header_3_font_size=&#8221;24px&#8221; header_4_text_color=&#8221;#000000&#8243; header_5_text_color=&#8221;#000000&#8243; header_6_text_color=&#8221;#000000&#8243; global_colors_info=&#8221;{}&#8221;]<\/p>\n<h3 id=\"leave-message\">Get more information!<\/h3>\n<p>[\/et_pb_text][et_pb_text admin_label=&#8221;Formulaire&#8221; module_class=&#8221;contact-us-form&#8221; _builder_version=&#8221;4.16&#8243; hover_enabled=&#8221;0&#8243; global_colors_info=&#8221;{}&#8221; sticky_enabled=&#8221;0&#8243;]<\/p>\n<script type=\"text\/javascript\">\n\/* <![CDATA[ *\/\nvar gform;gform||(document.addEventListener(\"gform_main_scripts_loaded\",function(){gform.scriptsLoaded=!0}),document.addEventListener(\"gform\/theme\/scripts_loaded\",function(){gform.themeScriptsLoaded=!0}),window.addEventListener(\"DOMContentLoaded\",function(){gform.domLoaded=!0}),gform={domLoaded:!1,scriptsLoaded:!1,themeScriptsLoaded:!1,isFormEditor:()=>\"function\"==typeof InitializeEditor,callIfLoaded:function(o){return!(!gform.domLoaded||!gform.scriptsLoaded||!gform.themeScriptsLoaded&&!gform.isFormEditor()||(gform.isFormEditor()&&console.warn(\"The use of gform.initializeOnLoaded() is deprecated in the form editor context and will be removed in Gravity Forms 3.1.\"),o(),0))},initializeOnLoaded:function(o){gform.callIfLoaded(o)||(document.addEventListener(\"gform_main_scripts_loaded\",()=>{gform.scriptsLoaded=!0,gform.callIfLoaded(o)}),document.addEventListener(\"gform\/theme\/scripts_loaded\",()=>{gform.themeScriptsLoaded=!0,gform.callIfLoaded(o)}),window.addEventListener(\"DOMContentLoaded\",()=>{gform.domLoaded=!0,gform.callIfLoaded(o)}))},hooks:{action:{},filter:{}},addAction:function(o,r,e,t){gform.addHook(\"action\",o,r,e,t)},addFilter:function(o,r,e,t){gform.addHook(\"filter\",o,r,e,t)},doAction:function(o){gform.doHook(\"action\",o,arguments)},applyFilters:function(o){return gform.doHook(\"filter\",o,arguments)},removeAction:function(o,r){gform.removeHook(\"action\",o,r)},removeFilter:function(o,r,e){gform.removeHook(\"filter\",o,r,e)},addHook:function(o,r,e,t,n){null==gform.hooks[o][r]&&(gform.hooks[o][r]=[]);var d=gform.hooks[o][r];null==n&&(n=r+\"_\"+d.length),gform.hooks[o][r].push({tag:n,callable:e,priority:t=null==t?10:t})},doHook:function(r,o,e){var t;if(e=Array.prototype.slice.call(e,1),null!=gform.hooks[r][o]&&((o=gform.hooks[r][o]).sort(function(o,r){return o.priority-r.priority}),o.forEach(function(o){\"function\"!=typeof(t=o.callable)&&(t=window[t]),\"action\"==r?t.apply(null,e):e[0]=t.apply(null,e)})),\"filter\"==r)return e[0]},removeHook:function(o,r,t,n){var e;null!=gform.hooks[o][r]&&(e=(e=gform.hooks[o][r]).filter(function(o,r,e){return!!(null!=n&&n!=o.tag||null!=t&&t!=o.priority)}),gform.hooks[o][r]=e)}});\n\/* ]]> *\/\n<\/script>\n\n                <div class='gf_browser_gecko gform_wrapper gravity-theme gform-theme--no-framework' data-form-theme='gravity-theme' data-form-index='0' id='gform_wrapper_1' >\n                        <div class='gform_heading'>\n\t\t\t\t\t\t\t<p class='gform_required_legend'>&quot;<span class=\"gfield_required gfield_required_asterisk\">*<\/span>&quot; indicates required fields<\/p>\n                        <\/div><form method='post' enctype='multipart\/form-data'  id='gform_1'  action='\/en\/wp-json\/wp\/v2\/pages\/5381' data-formid='1' novalidate>\n                        <div class='gform-body gform_body'><div id='gform_fields_1' class='gform_fields top_label form_sublabel_below description_below validation_below'><div id=\"field_1_1\" class=\"gfield gfield--type-text gfield_contains_required field_sublabel_below gfield--no-description field_description_below field_validation_below gfield_visibility_visible\"  ><label class='gfield_label gform-field-label' for='input_1_1'>Your Name<span class=\"gfield_required\"><span class=\"gfield_required gfield_required_asterisk\">*<\/span><\/span><\/label><div class='ginput_container ginput_container_text'><input name='input_1' id='input_1_1' type='text' value='' class='medium'    placeholder='Your Name' aria-required=\"true\" aria-invalid=\"false\"   \/><\/div><\/div><div id=\"field_1_2\" class=\"gfield gfield--type-email gfield_contains_required field_sublabel_below gfield--no-description field_description_below field_validation_below gfield_visibility_visible\"  ><label class='gfield_label gform-field-label' for='input_1_2'>Your Email Address<span class=\"gfield_required\"><span class=\"gfield_required gfield_required_asterisk\">*<\/span><\/span><\/label><div class='ginput_container ginput_container_email'>\n                            <input name='input_2' id='input_1_2' type='email' value='' class='medium'   placeholder='Your Email Address' aria-required=\"true\" aria-invalid=\"false\"  \/>\n                        <\/div><\/div><div id=\"field_1_18\" class=\"gfield gfield--type-select gfield_contains_required field_sublabel_below gfield--has-description field_description_below field_validation_below gfield_visibility_visible\"  ><label class='gfield_label gform-field-label' for='input_1_18'>Your Kanreikai School<span class=\"gfield_required\"><span class=\"gfield_required gfield_required_asterisk\">*<\/span><\/span><\/label><div class='ginput_container ginput_container_select'><select name='input_18' id='input_1_18' class='medium gfield_select'  aria-describedby=\"gfield_description_1_18\"  aria-required=\"true\" aria-invalid=\"false\" ><option value='' ><\/option><option value='Chambord, QC' >Chambord, QC<\/option><option value='Danbury, CT' >Danbury, CT<\/option><option value='Halifax, NS' >Halifax, NS<\/option><option value='Irishtown, NB' >Irishtown, NB<\/option><option value='Joliette, QC' >Joliette, QC<\/option><option value='Montreal, QC' >Montreal, QC<\/option><option value='Ravena, CT' >Ravena, CT<\/option><option value='Vaudreuil, QC' >Vaudreuil, QC<\/option><\/select><\/div><div class='gfield_description' id='gfield_description_1_18'>Select your Kanreikai School or the one that interests you.<\/div><\/div><div id=\"field_1_3\" class=\"gfield gfield--type-textarea form-half-col-left gfield_contains_required field_sublabel_below gfield--no-description field_description_below field_validation_below gfield_visibility_visible\"  ><label class='gfield_label gform-field-label' for='input_1_3'>Your Message<span class=\"gfield_required\"><span class=\"gfield_required gfield_required_asterisk\">*<\/span><\/span><\/label><div class='ginput_container ginput_container_textarea'><textarea name='input_3' id='input_1_3' class='textarea large'   maxlength='200' placeholder='Your Message' aria-required=\"true\" aria-invalid=\"false\"   rows='10' cols='50'><\/textarea><\/div><\/div><div id=\"field_1_19\" class=\"gfield gfield--type-captcha field_sublabel_below gfield--no-description field_description_below field_validation_below gfield_visibility_visible\"  ><label class='gfield_label gform-field-label' for='input_1_19'>CAPTCHA<\/label><div id='input_1_19' class='ginput_container ginput_recaptcha' data-sitekey='6LcwOhgdAAAAABETaIUR1wbWDTaClcDqbUUafh18'  data-theme='light' data-tabindex='-1' data-size='invisible' data-badge='inline'><\/div><\/div><\/div><\/div>\n        <div class='gform-footer gform_footer top_label'> <input type='submit' id='gform_submit_button_1' class='gform_button button' onclick='gform.submission.handleButtonClick(this);' data-submission-type='submit' value='Submit'  \/> \n            <input type='hidden' class='gform_hidden' name='gform_submission_method' data-js='gform_submission_method_1' value='postback' \/>\n            <input type='hidden' class='gform_hidden' name='gform_theme' data-js='gform_theme_1' id='gform_theme_1' value='gravity-theme' \/>\n            <input type='hidden' class='gform_hidden' name='gform_style_settings' data-js='gform_style_settings_1' id='gform_style_settings_1' value='[]' \/>\n            <input type='hidden' class='gform_hidden' name='is_submit_1' value='1' \/>\n            <input type='hidden' class='gform_hidden' name='gform_submit' value='1' \/>\n            \n            <input type='hidden' class='gform_hidden' name='gform_currency' data-currency='CAD' value='2Exor9UElxbrTcPLwpiB8VhnNnRwb3252B5Bau7NAMx2C1ZsJDpk2pLIEYXwix37QcMDa1URAt+\/79OXZyvm+W\/\/SAtfTYjzGFdywvVT7dJaUFQ=' \/>\n            <input type='hidden' class='gform_hidden' name='gform_unique_id' value='' \/>\n            <input type='hidden' class='gform_hidden' name='state_1' value='WyJbXSIsIjc4NDVhNzYzZTE4ZDUxYzM1ZDMzZmQwNjA0MDM4NWVkIl0=' \/>\n            <input type='hidden' autocomplete='off' class='gform_hidden' name='gform_target_page_number_1' id='gform_target_page_number_1' value='0' \/>\n            <input type='hidden' autocomplete='off' class='gform_hidden' name='gform_source_page_number_1' id='gform_source_page_number_1' value='1' \/>\n            <input type='hidden' name='gform_field_values' value='' \/>\n            \n        <\/div>\n                        <\/form>\n                        <\/div><script type=\"text\/javascript\">\n\/* <![CDATA[ *\/\n gform.initializeOnLoaded( function() {gformInitSpinner( 1, 'https:\/\/www.kanreikai2025.acxcomdev.com\/wp-content\/plugins\/gravityforms\/images\/spinner.svg', true );jQuery('#gform_ajax_frame_1').on('load',function(){var contents = jQuery(this).contents().find('*').html();var is_postback = contents.indexOf('GF_AJAX_POSTBACK') >= 0;if(!is_postback){return;}var form_content = jQuery(this).contents().find('#gform_wrapper_1');var is_confirmation = jQuery(this).contents().find('#gform_confirmation_wrapper_1').length > 0;var is_redirect = contents.indexOf('gformRedirect(){') >= 0;var is_form = form_content.length > 0 && ! is_redirect && ! is_confirmation;var mt = parseInt(jQuery('html').css('margin-top'), 10) + parseInt(jQuery('body').css('margin-top'), 10) + 100;if(is_form){jQuery('#gform_wrapper_1').html(form_content.html());if(form_content.hasClass('gform_validation_error')){jQuery('#gform_wrapper_1').addClass('gform_validation_error');} else {jQuery('#gform_wrapper_1').removeClass('gform_validation_error');}setTimeout( function() { \/* delay the scroll by 50 milliseconds to fix a bug in chrome *\/  }, 50 );if(window['gformInitDatepicker']) {gformInitDatepicker();}if(window['gformInitPriceFields']) {gformInitPriceFields();}var current_page = jQuery('#gform_source_page_number_1').val();gformInitSpinner( 1, 'https:\/\/www.kanreikai2025.acxcomdev.com\/wp-content\/plugins\/gravityforms\/images\/spinner.svg', true );jQuery(document).trigger('gform_page_loaded', [1, current_page]);window['gf_submitting_1'] = false;}else if(!is_redirect){var confirmation_content = jQuery(this).contents().find('.GF_AJAX_POSTBACK').html();if(!confirmation_content){confirmation_content = contents;}jQuery('#gform_wrapper_1').replaceWith(confirmation_content);jQuery(document).trigger('gform_confirmation_loaded', [1]);window['gf_submitting_1'] = false;wp.a11y.speak(jQuery('#gform_confirmation_message_1').text());}else{jQuery('#gform_1').append(contents);if(window['gformRedirect']) {gformRedirect();}}jQuery(document).trigger(\"gform_pre_post_render\", [{ formId: \"1\", currentPage: \"current_page\", abort: function() { this.preventDefault(); } }]);        if (event && event.defaultPrevented) {                return;        }        const gformWrapperDiv = document.getElementById( \"gform_wrapper_1\" );        if ( gformWrapperDiv ) {            const visibilitySpan = document.createElement( \"span\" );            visibilitySpan.id = \"gform_visibility_test_1\";            gformWrapperDiv.insertAdjacentElement( \"afterend\", visibilitySpan );        }        const visibilityTestDiv = document.getElementById( \"gform_visibility_test_1\" );        let postRenderFired = false;        function triggerPostRender() {            if ( postRenderFired ) {                return;            }            postRenderFired = true;            gform.core.triggerPostRenderEvents( 1, current_page );            if ( visibilityTestDiv ) {                visibilityTestDiv.parentNode.removeChild( visibilityTestDiv );            }        }        function debounce( func, wait, immediate ) {            var timeout;            return function() {                var context = this, args = arguments;                var later = function() {                    timeout = null;                    if ( !immediate ) func.apply( context, args );                };                var callNow = immediate && !timeout;                clearTimeout( timeout );                timeout = setTimeout( later, wait );                if ( callNow ) func.apply( context, args );            };        }        const debouncedTriggerPostRender = debounce( function() {            triggerPostRender();        }, 200 );        if ( visibilityTestDiv && visibilityTestDiv.offsetParent === null ) {            const observer = new MutationObserver( ( mutations ) => {                mutations.forEach( ( mutation ) => {                    if ( mutation.type === 'attributes' && visibilityTestDiv.offsetParent !== null ) {                        debouncedTriggerPostRender();                        observer.disconnect();                    }                });            });            observer.observe( document.body, {                attributes: true,                childList: false,                subtree: true,                attributeFilter: [ 'style', 'class' ],            });        } else {            triggerPostRender();        }    } );} ); \n\/* ]]> *\/\n<\/script>\n\n<p>[\/et_pb_text][\/et_pb_column][et_pb_column type=&#8221;1_3&#8243; _builder_version=&#8221;4.16&#8243; background_color=&#8221;rgba(0,0,0,0)&#8221; custom_padding=&#8221;||||false|false&#8221; border_color_top=&#8221;#e31f27&#8243; border_color_bottom=&#8221;#e31f27&#8243; global_colors_info=&#8221;{}&#8221; custom_padding__hover=&#8221;|||&#8221;][et_pb_text disabled_on=&#8221;on|on|on&#8221; admin_label=&#8221;CTA Inscription-Membres&#8221; _builder_version=&#8221;4.16&#8243; text_font=&#8221;|600|||||||&#8221; text_text_color=&#8221;#000000&#8243; text_font_size=&#8221;28px&#8221; header_font=&#8221;|700|||||||&#8221; header_text_align=&#8221;center&#8221; header_text_color=&#8221;#e31f27&#8243; header_font_size=&#8221;44px&#8221; background_color=&#8221;#eaeaea&#8221; text_orientation=&#8221;center&#8221; custom_margin=&#8221;||0px||false|false&#8221; custom_padding=&#8221;20px|20px|20px|20px|false|false&#8221; border_width_top=&#8221;5px&#8221; border_color_top=&#8221;#e31f27&#8243; border_color_bottom=&#8221;#e31f27&#8243; disabled=&#8221;on&#8221; global_colors_info=&#8221;{}&#8221;]<\/p>\n<h1>DEVENEZ MEMBRE<\/h1>\n<p>ET PROFITEZ DES AVANTAGES DE WORLD KANREIKAI KARATE<\/p>\n<h6>\u00a0<\/h6>\n<h6><a class=\"book-btn\" href=\"https:\/\/www.kanreikaikarate.com\/contact-us\/member-registration\/?lang=en\" rel=\"noopener noreferrer\">EN SAVOIR PLUS<\/a><\/h6>\n<h6>\u00a0<\/h6>\n<h6><em><a id=\"membre\"><\/a>Un formulaire par \u00e9l\u00e8ve inscrit \u00e0 une \u00e9cole Kanreikai<\/em><\/h6>\n<p>[\/et_pb_text][et_pb_text admin_label=&#8221;CTA Inscription-Membres-Tmp&#8221; _builder_version=&#8221;4.17.2&#8243; text_font=&#8221;|600|||||||&#8221; text_text_color=&#8221;#000000&#8243; text_font_size=&#8221;28px&#8221; header_font=&#8221;|700|||||||&#8221; header_text_align=&#8221;center&#8221; header_text_color=&#8221;#e31f27&#8243; header_font_size=&#8221;44px&#8221; background_color=&#8221;#eaeaea&#8221; text_orientation=&#8221;center&#8221; custom_margin=&#8221;||0px||false|false&#8221; custom_padding=&#8221;20px|20px|20px|20px|false|false&#8221; border_width_top=&#8221;5px&#8221; border_color_top=&#8221;#e31f27&#8243; border_color_bottom=&#8221;#e31f27&#8243; global_colors_info=&#8221;{}&#8221;]<\/p>\n<h1>BECOME A MEMBER<\/h1>\n<p>BENEFIT FROM THE ADVANTAGES OF WORLD KANREIKAI KARATE<\/p>\n<h6>\u00a0<\/h6>\n<h6><a class=\"book-btn\" href=\"https:\/\/www.kanreikaikarate.com\/contact-us\/member-registration\/?lang=en\" rel=\"noopener noreferrer\">LEARN MORE<\/a><\/h6>\n<p>[\/et_pb_text][et_pb_code disabled_on=&#8221;on|on|on&#8221; admin_label=&#8221;Code &#8211; Lead Capture&#8221; _builder_version=&#8221;4.16&#8243; _module_preset=&#8221;default&#8221; disabled=&#8221;on&#8221; global_colors_info=&#8221;{}&#8221;]<\/p>\n<div id=\"leadcapture_0e1f0fa1-3ee5-4ad1-b481-4e65b2968eef\">\u00a0<\/div>\n<pee><script type=\"text\/javascript\">(function(win, doc, zenJSHost, src, module, partitionApiKey, widgetInstanceId){ win.zenplanner = win.zenplanner || {}; win.zenplanner.directLoadArgs = win.zenplanner.directLoadArgs || []; var tryCount = 0, intervalId = null; function afterLoad(){ if(win.zenplanner.directLoader !== undefined && window.zenplanner.directLoader !== null){ clearInterval(intervalId); for(var i = 0, l = win.zenplanner.directLoadArgs.length; l > i; i++){ if(win.zenplanner.directLoadArgs[i].widgetInstanceId === widgetInstanceId) { win.zenplanner.directLoader.loadWidget(zenJSHost, module, partitionApiKey, widgetInstanceId); } } } else if(tryCount++ > 200) { console.log('Zen Planner widget : ' + module + ', failed to load.'); clearInterval(intervalId); } } if(win.zenplanner.directLoader === undefined || win.zenplanner.directLoader === null){ win.zenplanner.directLoadArgs.push({ module: module, partitionApiKey: partitionApiKey, widgetInstanceId : widgetInstanceId }); var s = doc.createElement('script'); s.async = 1; s.src = zenJSHost + '\/' + src; doc.head.appendChild(s); intervalId = setInterval(afterLoad, 50); } else { win.zenplanner.directLoader.loadWidget(zenJSHost, module, partitionApiKey, widgetInstanceId); } })(window, document, 'https:\/\/studio.zenplanner.com', 'zenplanner\/studio\/target\/zp-widget-direct.js', 'leadcapture', 'ec024cd0-65ee-445f-8f68-99fc3d7c9768', '0e1f0fa1-3ee5-4ad1-b481-4e65b2968eef');<\/script><\/pee>[\/et_pb_code][et_pb_text admin_label=&#8221;CTA Ouvrir une \u00e9cole&#8221; _builder_version=&#8221;4.17.2&#8243; text_font=&#8221;|600|||||||&#8221; text_text_color=&#8221;#000000&#8243; text_font_size=&#8221;28px&#8221; header_font=&#8221;|700|||||||&#8221; header_text_align=&#8221;center&#8221; header_text_color=&#8221;#e31f27&#8243; header_font_size=&#8221;44px&#8221; background_color=&#8221;#eaeaea&#8221; text_orientation=&#8221;center&#8221; custom_margin=&#8221;||45px||false|false&#8221; custom_padding=&#8221;20px|20px|20px|20px|false|false&#8221; border_width_top=&#8221;5px&#8221; border_color_top=&#8221;#e31f27&#8243; border_width_bottom=&#8221;5px&#8221; border_color_bottom=&#8221;#e31f27&#8243; global_colors_info=&#8221;{}&#8221;]<\/p>\n<h1>OPEN YOUR SCHOOL<\/h1>\n<p>UNDER THE KANREIKAI KARATE BANNER<\/p>\n<h6>\u00a0<\/h6>\n<h6><a class=\"book-btn\" href=\"https:\/\/www.kanreikaikarate.com\/contact-us\/new-school\/?lang=en\" rel=\"noopener noreferrer\">LEARN MORE<\/a><\/h6>\n<p>[\/et_pb_text][et_pb_text admin_label=&#8221;CTA WKK&#8221; _builder_version=&#8221;4.16&#8243; text_font=&#8221;|600|||||||&#8221; text_text_color=&#8221;#000000&#8243; text_font_size=&#8221;28px&#8221; header_font=&#8221;|700|||||||&#8221; header_text_align=&#8221;center&#8221; header_text_color=&#8221;#e31f27&#8243; header_font_size=&#8221;44px&#8221; background_color=&#8221;#eaeaea&#8221; text_orientation=&#8221;center&#8221; custom_margin=&#8221;||45px||false|false&#8221; custom_padding=&#8221;20px|20px|20px|20px|false|false&#8221; border_width_top=&#8221;5px&#8221; border_color_top=&#8221;#e31f27&#8243; border_width_bottom=&#8221;5px&#8221; border_color_bottom=&#8221;#e31f27&#8243; global_colors_info=&#8221;{}&#8221;]<\/p>\n<h2 style=\"text-align: center;\"><strong>WORLD KANREIKAI KARATE<\/strong><\/h2>\n<p style=\"text-align: center;\"><strong><a href=\"tel:514-998-1546\">514-998-1546<\/a><\/strong><\/p>\n<p>[\/et_pb_text][\/et_pb_column][\/et_pb_row][\/et_pb_section]<\/p>\n","protected":false},"excerpt":{"rendered":"<p>Osu! Our organization is gaining new momentum and the Kanreikai spirit is being revived in all our schools. Our instructors are enthusiastic about the idea of introducing their students to the art of traditional Japanese karate and accompanying them on their karate journey. It&#8217;s time to discover Kanreikai Karate.\u00a0Osu! Anthony Cordeiro\u00a0takes on the role of [&hellip;]<\/p>\n","protected":false},"author":1,"featured_media":0,"parent":0,"menu_order":60,"comment_status":"closed","ping_status":"closed","template":"","meta":{"_et_pb_use_builder":"on","_et_pb_old_content":"","_et_gb_content_width":"","footnotes":""},"class_list":["post-5381","page","type-page","status-publish","hentry"],"_links":{"self":[{"href":"https:\/\/www.kanreikai2025.acxcomdev.com\/en\/wp-json\/wp\/v2\/pages\/5381","targetHints":{"allow":["GET"]}}],"collection":[{"href":"https:\/\/www.kanreikai2025.acxcomdev.com\/en\/wp-json\/wp\/v2\/pages"}],"about":[{"href":"https:\/\/www.kanreikai2025.acxcomdev.com\/en\/wp-json\/wp\/v2\/types\/page"}],"author":[{"embeddable":true,"href":"https:\/\/www.kanreikai2025.acxcomdev.com\/en\/wp-json\/wp\/v2\/users\/1"}],"replies":[{"embeddable":true,"href":"https:\/\/www.kanreikai2025.acxcomdev.com\/en\/wp-json\/wp\/v2\/comments?post=5381"}],"version-history":[{"count":9,"href":"https:\/\/www.kanreikai2025.acxcomdev.com\/en\/wp-json\/wp\/v2\/pages\/5381\/revisions"}],"predecessor-version":[{"id":6495,"href":"https:\/\/www.kanreikai2025.acxcomdev.com\/en\/wp-json\/wp\/v2\/pages\/5381\/revisions\/6495"}],"wp:attachment":[{"href":"https:\/\/www.kanreikai2025.acxcomdev.com\/en\/wp-json\/wp\/v2\/media?parent=5381"}],"curies":[{"name":"wp","href":"https:\/\/api.w.org\/{rel}","templated":true}]}}